{"id":651,"date":"2024-07-12T10:12:46","date_gmt":"2024-07-12T08:12:46","guid":{"rendered":"https:\/\/mediascape.dev\/mrt\/?page_id=651"},"modified":"2024-07-19T13:33:03","modified_gmt":"2024-07-19T11:33:03","slug":"zertifizierung","status":"publish","type":"page","link":"https:\/\/www.metaalrecyclingtwente.nl\/de\/zertifizierung\/","title":{"rendered":"Zertifizierung"},"content":{"rendered":"\n\n\t&nbsp;\n\n\t<p>Metaal Recycling Twente erf\u00fcllt alle beh\u00f6rdlichen Anforderungen und ist im Besitz aller notwendigen Genehmigungen, sodass wir Ihr zuverl\u00e4ssiger Partner f\u00fcr den Abtransport Ihrer Eisen- und Nichteisenmetallprodukte sein k\u00f6nnen.<\/p>\n<p>Metaal Recycling Twente ist bei der Metaal Recycling Federatie (MRF) angeschlossen. Die MRF hat sich zum Ziel gesetzt, die umweltfreundliche und wirtschaftlich verantwortungsbewusste Wiederverwertung von allen Gebrauchtmetallen in den Niederlanden zu f\u00f6rdern. Um bei der MRF angeschlossen zu sein, muss man sich jedes Jahr einer Kontrolle unterziehen. Diese Kontrolle wird von einer unabh\u00e4ngigen Instanz durchgef\u00fchrt. W\u00e4hrend dieser Kontrolle wird untersucht, welche Ma\u00dfnahmen unser Betrieb bez\u00fcglich Sicherheit, Arbeitsschutz und Umwelt getroffen hat. Au\u00dferdem pr\u00fcfen sie, ob wir allen geltenden Gesetzen und Vorschriften Gen\u00fcge tun.<\/p>\n<p>Wie bereits erw\u00e4hnt, stehen Qualit\u00e4t, der Kunde und die Umwelt ganz oben auf der Priorit\u00e4tenliste von Metaal Recycling Twente. Weil diese Punkte st\u00e4ndigen Ver\u00e4nderungen unterworfen sind, hat Metaal Recycling Twente beschlossen, dass der Betrieb die Normen von NEN-EN-ISO 9001 und NEN-EN-ISO 14001 erf\u00fcllen muss. Ab Oktober 2015 ist Metaal Recycling Twente hierf\u00fcr zertifiziert und jetzt optimal dazu in der Lage, intern und extern die Qualit\u00e4t zu garantieren und wo n\u00f6tig zu verbessern.<\/p>\n<h2>Warum MRT<\/h2>\n<p>Aufgrund der Gesetze, Zertifizierungen (ISO 9001 und 14001) und Genehmigungen muss Metaal Recycling Twente strenge Anforderungen erf\u00fcllen. Deshalb konzentrieren sich die internen Anforderungen darauf, das Qualit\u00e4tsniveau der Betriebsf\u00fchrung und des Services zu \u00fcberwachen. Sowohl Privatleute als auch Betriebe k\u00f6nnen hier Material anliefern. Die Mitarbeiter sorgen f\u00fcr eine schnelle und korrekte Bearbeitung. Hierbei werden Serviceorientierung und Kundenfreundlichkeit gro\u00dfgeschrieben.<\/p>\n\t<p><strong>Zertifizierungen<\/strong><\/p>\n<ul>\n<li><a href=\"https:\/\/www.metaalrecyclingtwente.nl\/wp-content\/uploads\/bureau-of-international-recycling.pdf\" target=\"_blank\" rel=\"noopener\">Bureau of international recycling<\/a><\/li>\n<li><a href=\"https:\/\/www.metaalrecyclingtwente.nl\/wp-content\/uploads\/evo.pdf\" target=\"_blank\" rel=\"noopener\">EVO<\/a><\/li>\n<li><a href=\"https:\/\/www.metaalrecyclingtwente.nl\/wp-content\/uploads\/K-0218395-1c-MRT-BV-ISO-9001.pdf\" target=\"_blank\" rel=\"noopener\">ISO 9001<\/a><\/li>\n<li><a href=\"https:\/\/www.metaalrecyclingtwente.nl\/wp-content\/uploads\/K-0218396-1c-MRT-BV-ISO-14001.pdf\" target=\"_blank\" rel=\"noopener\">ISO 14001<\/a><\/li>\n<li><a href=\"https:\/\/www.metaalrecyclingtwente.nl\/wp-content\/uploads\/K-0214420-EoW-MRT-BV.pdf\" target=\"_blank\" rel=\"noopener\">End of Waste conform EU 333\/2011<\/a><\/li>\n<li><a href=\"https:\/\/www.metaalrecyclingtwente.nl\/wp-content\/uploads\/K-0214421_EoW-MRT-BV.pdf\" target=\"_blank\" rel=\"noopener\">End of Waste conform EU 715\/2013<\/a><\/li>\n<li><a href=\"https:\/\/www.metaalrecyclingtwente.nl\/wp-content\/uploads\/mrf_keurmerk.pdf\" target=\"_blank\" rel=\"noopener\">MRF-Keurmerk<\/a><\/li>\n<li><a href=\"https:\/\/www.metaalrecyclingtwente.nl\/wp-content\/uploads\/niwo.pdf\" target=\"_blank\" rel=\"noopener\">NIWO<\/a><\/li>\n<li><a href=\"https:\/\/www.metaalrecyclingtwente.nl\/wp-content\/uploads\/MRAI-membership.pdf\" target=\"_blank\" rel=\"noopener\">MRAI<\/a><\/li>\n<\/ul>\n\t<p><strong>Allgemeine Gesch\u00e4ftsbedingungen<\/strong><\/p>\n<ul>\n<li><a href=\"https:\/\/www.metaalrecyclingtwente.nl\/de\/allgemeine-verkaufs-und-lieferbedingungen\/\">Allgemeine Gesch\u00e4ftsbedingungen<\/a><\/li>\n<li><a href=\"https:\/\/www.metaalrecyclingtwente.nl\/wp-content\/uploads\/beleidsverklaring-mrt-iso9001-iso14001.pdf\" target=\"_blank\" rel=\"noopener\">Grundsatzerkl\u00e4rung\u00a0(Niederl\u00e4ndisch)<\/a><\/li>\n<\/ul>\n\t\t\t\t<img loading=\"lazy\" decoding=\"async\" src=\"https:\/\/www.metaalrecyclingtwente.nl\/wp-content\/uploads\/certificaten.gif\" alt=\"certificaten\" itemprop=\"image\" height=\"234\" width=\"608\" title=\"certificaten\" onerror=\"this.style.display='none'\"  \/>\n\n","protected":false},"excerpt":{"rendered":"<p>&nbsp; Metaal Recycling Twente erf\u00fcllt alle beh\u00f6rdlichen Anforderungen und ist im Besitz aller notwendigen Genehmigungen, sodass wir Ihr zuverl\u00e4ssiger Partner f\u00fcr den Abtransport Ihrer Eisen- und Nichteisenmetallprodukte sein k\u00f6nnen. Metaal Recycling Twente ist bei der Metaal Recycling Federatie (MRF) angeschlossen. Die MRF hat sich zum Ziel gesetzt, die umweltfreundliche und wirtschaftlich verantwortungsbewusste Wiederverwertung von allen&hellip;<\/p>\n","protected":false},"author":1,"featured_media":0,"parent":0,"menu_order":3,"comment_status":"closed","ping_status":"closed","template":"","meta":{"footnotes":""},"class_list":["post-651","page","type-page","status-publish","hentry"],"_links":{"self":[{"href":"https:\/\/www.metaalrecyclingtwente.nl\/de\/wp-json\/wp\/v2\/pages\/651","targetHints":{"allow":["GET"]}}],"collection":[{"href":"https:\/\/www.metaalrecyclingtwente.nl\/de\/wp-json\/wp\/v2\/pages"}],"about":[{"href":"https:\/\/www.metaalrecyclingtwente.nl\/de\/wp-json\/wp\/v2\/types\/page"}],"author":[{"embeddable":true,"href":"https:\/\/www.metaalrecyclingtwente.nl\/de\/wp-json\/wp\/v2\/users\/1"}],"replies":[{"embeddable":true,"href":"https:\/\/www.metaalrecyclingtwente.nl\/de\/wp-json\/wp\/v2\/comments?post=651"}],"version-history":[{"count":7,"href":"https:\/\/www.metaalrecyclingtwente.nl\/de\/wp-json\/wp\/v2\/pages\/651\/revisions"}],"predecessor-version":[{"id":946,"href":"https:\/\/www.metaalrecyclingtwente.nl\/de\/wp-json\/wp\/v2\/pages\/651\/revisions\/946"}],"wp:attachment":[{"href":"https:\/\/www.metaalrecyclingtwente.nl\/de\/wp-json\/wp\/v2\/media?parent=651"}],"curies":[{"name":"wp","href":"https:\/\/api.w.org\/{rel}","templated":true}]}}