{"id":263,"date":"2024-06-04T15:06:23","date_gmt":"2024-06-04T13:06:23","guid":{"rendered":"https:\/\/mediascape.dev\/mrt\/?page_id=263"},"modified":"2025-08-12T14:36:13","modified_gmt":"2025-08-12T12:36:13","slug":"kontakt","status":"publish","type":"page","link":"https:\/\/www.metaalrecyclingtwente.nl\/de\/kontakt\/","title":{"rendered":"Kontakt"},"content":{"rendered":"\n\n\t&nbsp;\n\n\t<strong>Metaal Recycling Twente Adresse:<\/strong><br \/>\nBinnenhaven 111A<br \/>\n7547BG\u00a0 Enschede<br \/>\nNiederlande\n<p><strong>Telefon:<\/strong> <a href=\"tel:0031534319667\">+31 (0) 53 4319667<\/a><\/p>\n<p><strong>E-mail:<\/strong> <a href=\"mailto:info@metaalrecyclingtwente.nl\">info@metaalrecyclingtwente.nl<\/a><\/p>\n<p><strong>\u00d6ffnungszeiten:<\/strong> Mo-Fr 7.30 &#8211; 17.00<\/p>\n<ul>\n<li><a href=\"https:\/\/www.metaalrecyclingtwente.nl\/de\/allgemeine-verkaufs-und-lieferbedingungen\/\">Allgemeine Gesch\u00e4ftsbedingungen<\/a><\/li>\n<li><a href=\"https:\/\/www.metaalrecyclingtwente.nl\/wp-content\/uploads\/beleidsverklaring-mrt-iso9001-iso14001.pdf\" target=\"_blank\" rel=\"noopener\">Grundsatzerkl\u00e4rung (Niederl\u00e4ndisch)<\/a><\/li>\n<\/ul>\n<p><strong>HRB-nummer:<\/strong> 08092814<\/p>\n\t<iframe src=\"https:\/\/www.google.com\/maps\/embed\/v1\/place?q=Metaal+Recycling+Twente%2C+%0ABinnenhaven+24%2C+7547+BH+Enschede&#038;key=AIzaSyD09zQ9PNDNNy9TadMuzRV_UsPUoWKntt8\" aria-hidden=\"true\"><\/iframe>\n<h2>\n\t\t\t#werecycle\t<\/h2>\n<h2>\n\t\t\tHaben Sie Fragen? Kontaktieren Sie uns\t<\/h2>\n\t<p>Kontaktieren Sie uns mit dem untenstehenden Formular.<\/p>\n\n<div class=\"wpcf7 no-js\" id=\"wpcf7-f2351-o1\" lang=\"de-DE\" dir=\"ltr\" data-wpcf7-id=\"2351\">\n<div class=\"screen-reader-response\"><p role=\"status\" aria-live=\"polite\" aria-atomic=\"true\"><\/p> <ul><\/ul><\/div>\n<form action=\"\/de\/wp-json\/wp\/v2\/pages\/263#wpcf7-f2351-o1\" method=\"post\" class=\"wpcf7-form init\" aria-label=\"Contact form\" novalidate=\"novalidate\" data-status=\"init\">\n<fieldset class=\"hidden-fields-container\"><input type=\"hidden\" name=\"_wpcf7\" value=\"2351\" \/><input type=\"hidden\" name=\"_wpcf7_version\" value=\"6.1.5\" \/><input type=\"hidden\" name=\"_wpcf7_locale\" value=\"de_DE\" \/><input type=\"hidden\" name=\"_wpcf7_unit_tag\" value=\"wpcf7-f2351-o1\" \/><input type=\"hidden\" name=\"_wpcf7_container_post\" value=\"0\" \/><input type=\"hidden\" name=\"_wpcf7_posted_data_hash\" value=\"\" \/>\n<\/fieldset>\n<div class=\"wpcf7-response-output\" aria-hidden=\"true\"><\/div>\n<p><span class=\"wpcf7-form-control-wrap\" data-name=\"naam\"><input size=\"40\" maxlength=\"400\" class=\"wpcf7-form-control wpcf7-text wpcf7-validates-as-required\" aria-required=\"true\" aria-invalid=\"false\" placeholder=\"Ihr Name\" value=\"\" type=\"text\" name=\"naam\" \/><\/span>\n<\/p>\n<p><span class=\"wpcf7-form-control-wrap\" data-name=\"email\"><input size=\"40\" maxlength=\"400\" class=\"wpcf7-form-control wpcf7-email wpcf7-validates-as-required wpcf7-text wpcf7-validates-as-email\" aria-required=\"true\" aria-invalid=\"false\" placeholder=\"Ihre E-Mail-Adresse\" value=\"\" type=\"email\" name=\"email\" \/><\/span>\n<\/p>\n<p><span class=\"wpcf7-form-control-wrap\" data-name=\"tel\"><input size=\"40\" maxlength=\"400\" class=\"wpcf7-form-control wpcf7-text wpcf7-validates-as-required\" aria-required=\"true\" aria-invalid=\"false\" placeholder=\"Ihre Telefonnummer\" value=\"\" type=\"text\" name=\"tel\" \/><\/span>\n<\/p>\n<p><span class=\"wpcf7-form-control-wrap\" data-name=\"vraag\"><textarea cols=\"40\" rows=\"4\" maxlength=\"2000\" class=\"wpcf7-form-control wpcf7-textarea wpcf7-validates-as-required\" aria-required=\"true\" aria-invalid=\"false\" placeholder=\"Ich habe folgende Frage\/Anmerkung\" name=\"vraag\"><\/textarea><\/span>\n<\/p>\n<p><input class=\"wpcf7-form-control wpcf7-submit has-spinner\" type=\"submit\" value=\"Senden\" \/>\n<\/p>\n<div class=\"wpcf7-turnstile cf-turnstile\" data-sitekey=\"0x4AAAAAABq7zPzypiMqKPHh\" data-response-field-name=\"_wpcf7_turnstile_response\"><\/div>\n<\/form>\n<\/div>\n\n\n","protected":false},"excerpt":{"rendered":"<p>&nbsp; Metaal Recycling Twente Adresse: Binnenhaven 111A 7547BG\u00a0 Enschede Niederlande Telefon: +31 (0) 53 4319667 E-mail: info@metaalrecyclingtwente.nl \u00d6ffnungszeiten: Mo-Fr 7.30 &#8211; 17.00 Allgemeine Gesch\u00e4ftsbedingungen Grundsatzerkl\u00e4rung (Niederl\u00e4ndisch) HRB-nummer: 08092814 #werecycle Haben Sie Fragen? Kontaktieren Sie uns Kontaktieren Sie uns mit dem untenstehenden Formular.<\/p>\n","protected":false},"author":1,"featured_media":0,"parent":0,"menu_order":7,"comment_status":"closed","ping_status":"closed","template":"","meta":{"footnotes":""},"class_list":["post-263","page","type-page","status-publish","hentry"],"_links":{"self":[{"href":"https:\/\/www.metaalrecyclingtwente.nl\/de\/wp-json\/wp\/v2\/pages\/263","targetHints":{"allow":["GET"]}}],"collection":[{"href":"https:\/\/www.metaalrecyclingtwente.nl\/de\/wp-json\/wp\/v2\/pages"}],"about":[{"href":"https:\/\/www.metaalrecyclingtwente.nl\/de\/wp-json\/wp\/v2\/types\/page"}],"author":[{"embeddable":true,"href":"https:\/\/www.metaalrecyclingtwente.nl\/de\/wp-json\/wp\/v2\/users\/1"}],"replies":[{"embeddable":true,"href":"https:\/\/www.metaalrecyclingtwente.nl\/de\/wp-json\/wp\/v2\/comments?post=263"}],"version-history":[{"count":9,"href":"https:\/\/www.metaalrecyclingtwente.nl\/de\/wp-json\/wp\/v2\/pages\/263\/revisions"}],"predecessor-version":[{"id":2352,"href":"https:\/\/www.metaalrecyclingtwente.nl\/de\/wp-json\/wp\/v2\/pages\/263\/revisions\/2352"}],"wp:attachment":[{"href":"https:\/\/www.metaalrecyclingtwente.nl\/de\/wp-json\/wp\/v2\/media?parent=263"}],"curies":[{"name":"wp","href":"https:\/\/api.w.org\/{rel}","templated":true}]}}