{"id":259,"date":"2024-06-04T15:05:59","date_gmt":"2024-06-04T13:05:59","guid":{"rendered":"https:\/\/mediascape.dev\/mrt\/?page_id=259"},"modified":"2024-07-12T17:25:57","modified_gmt":"2024-07-12T15:25:57","slug":"container-aufstellen","status":"publish","type":"page","link":"https:\/\/www.metaalrecyclingtwente.nl\/de\/container-aufstellen\/","title":{"rendered":"Container aufstellen"},"content":{"rendered":"\n\n\t&nbsp;\n\n\t<p>Metaal Recycling Twente denkt gerne mit Ihnen dar\u00fcber nach, wie Ihre Eisen- und Metallabf\u00e4lle so optimal wie m\u00f6glich abtransportiert werden k\u00f6nnen. Deshalb verwenden wir f\u00fcr das Einsammeln Ihrer Eisen- und Metallabf\u00e4lle verschiedene Arten und Gr\u00f6\u00dfen von Containern, die Ihren W\u00fcnschen entsprechen. Denken Sie hierbei z.B. an 1m3 gro\u00dfe Beh\u00e4lter und 10m3 bis 50m3 gro\u00dfe offene Container mit Deckel und\/oder T\u00fcren, fl\u00fcssigkeitsdichte Beh\u00e4lter und Container.<\/p>\n<p>Das zeitweilige oder st\u00e4ndige Aufstellen eines Containers in Ihrem Betrieb bietet Ihnen die M\u00f6glichkeit, Ihre Eisen- und Metallabf\u00e4lle richtig zu trennen und einen guten Preis daf\u00fcr zu bekommen. Ein Anruf reicht, um einen Container aufstellen zu lassen oder Ihren vollen Container gegen einen leeren auszutauschen, und das binnen 24 Stunden.<\/p>\n\t\t\t\t<img loading=\"lazy\" decoding=\"async\" src=\"https:\/\/www.metaalrecyclingtwente.nl\/wp-content\/uploads\/container.jpg\" alt=\"container\" itemprop=\"image\" height=\"288\" width=\"600\" title=\"container\" onerror=\"this.style.display='none'\"  \/>\n\n","protected":false},"excerpt":{"rendered":"<p>&nbsp; Metaal Recycling Twente denkt gerne mit Ihnen dar\u00fcber nach, wie Ihre Eisen- und Metallabf\u00e4lle so optimal wie m\u00f6glich abtransportiert werden k\u00f6nnen. Deshalb verwenden wir f\u00fcr das Einsammeln Ihrer Eisen- und Metallabf\u00e4lle verschiedene Arten und Gr\u00f6\u00dfen von Containern, die Ihren W\u00fcnschen entsprechen. Denken Sie hierbei z.B. an 1m3 gro\u00dfe Beh\u00e4lter und 10m3 bis 50m3 gro\u00dfe&hellip;<\/p>\n","protected":false},"author":1,"featured_media":0,"parent":0,"menu_order":5,"comment_status":"closed","ping_status":"closed","template":"","meta":{"footnotes":""},"class_list":["post-259","page","type-page","status-publish","hentry"],"_links":{"self":[{"href":"https:\/\/www.metaalrecyclingtwente.nl\/de\/wp-json\/wp\/v2\/pages\/259","targetHints":{"allow":["GET"]}}],"collection":[{"href":"https:\/\/www.metaalrecyclingtwente.nl\/de\/wp-json\/wp\/v2\/pages"}],"about":[{"href":"https:\/\/www.metaalrecyclingtwente.nl\/de\/wp-json\/wp\/v2\/types\/page"}],"author":[{"embeddable":true,"href":"https:\/\/www.metaalrecyclingtwente.nl\/de\/wp-json\/wp\/v2\/users\/1"}],"replies":[{"embeddable":true,"href":"https:\/\/www.metaalrecyclingtwente.nl\/de\/wp-json\/wp\/v2\/comments?post=259"}],"version-history":[{"count":10,"href":"https:\/\/www.metaalrecyclingtwente.nl\/de\/wp-json\/wp\/v2\/pages\/259\/revisions"}],"predecessor-version":[{"id":813,"href":"https:\/\/www.metaalrecyclingtwente.nl\/de\/wp-json\/wp\/v2\/pages\/259\/revisions\/813"}],"wp:attachment":[{"href":"https:\/\/www.metaalrecyclingtwente.nl\/de\/wp-json\/wp\/v2\/media?parent=259"}],"curies":[{"name":"wp","href":"https:\/\/api.w.org\/{rel}","templated":true}]}}