{"id":254,"date":"2024-06-04T15:05:47","date_gmt":"2024-06-04T13:05:47","guid":{"rendered":"https:\/\/mediascape.dev\/mrt\/?page_id=254"},"modified":"2024-07-19T12:17:37","modified_gmt":"2024-07-19T10:17:37","slug":"materialien","status":"publish","type":"page","link":"https:\/\/www.metaalrecyclingtwente.nl\/de\/materialien\/","title":{"rendered":"Materialien"},"content":{"rendered":"\n\n\t&nbsp;\n\n\t<p>Wir unterscheiden zwischen den folgenden beiden Metallsorten:<\/p>\n<h2>Eisenmetalle<\/h2>\n<p>Durch einen modernen Maschinenpark und eine hohe Umlaufgeschwindigkeit bietet Metaal Recycling Twente garantierte Qualit\u00e4t und ist ein sehr flexibler Partner f\u00fcr Handel und Industrie. Metaal Recycling Twente verarbeitet und handelt mit allen g\u00e4ngigen Eisenmetallprodukten. Per LKW oder Schiff finden diese Rohstoffe ihren Weg zu Recyclingbetrieben im In- und Ausland. Damit Ihr Alteisen so optimal wie m\u00f6glich abtransportiert werden kann, denkt Metaal Recycling Twente gerne mit Ihnen mit. Wir sorgen dabei gerne mit Ihnen zusammen f\u00fcr den \u00dcberblick, sodass Sie wissen, was Ihre Eisenmetallprodukte einbringen!<\/p>\n\t\t\t<img loading=\"lazy\" decoding=\"async\" src=\"https:\/\/www.metaalrecyclingtwente.nl\/wp-content\/uploads\/metaal-14.jpg\" alt=\"\" data-no-lazy=\"1\" itemprop=\"thumbnail\" width=\"300\" height=\"225\" \/>\n\t\t\t<!-- Overlay Wrapper -->\n\t\t\t <!-- Overlay Wrapper Closed -->\n\t\t\t\t\t\t\t<meta itemprop=\"width\" content=\"300\" \/>\n\t\t\t<meta itemprop=\"height\" content=\"225\" \/>\n\t\tEisensp\u00e4ne\n\t\t\t<img loading=\"lazy\" decoding=\"async\" src=\"https:\/\/www.metaalrecyclingtwente.nl\/wp-content\/uploads\/metaal-5.jpg\" alt=\"\" data-no-lazy=\"1\" itemprop=\"thumbnail\" width=\"300\" height=\"225\" \/>\n\t\t\t<!-- Overlay Wrapper -->\n\t\t\t <!-- Overlay Wrapper Closed -->\n\t\t\t\t\t\t\t<meta itemprop=\"width\" content=\"300\" \/>\n\t\t\t<meta itemprop=\"height\" content=\"225\" \/>\n\t\tAlter Splitt\n\t\t\t<img loading=\"lazy\" decoding=\"async\" src=\"https:\/\/www.metaalrecyclingtwente.nl\/wp-content\/uploads\/metaal-2.jpg\" alt=\"\" data-no-lazy=\"1\" itemprop=\"thumbnail\" width=\"300\" height=\"225\" \/>\n\t\t\t<!-- Overlay Wrapper -->\n\t\t\t <!-- Overlay Wrapper Closed -->\n\t\t\t\t\t\t\t<meta itemprop=\"width\" content=\"300\" \/>\n\t\t\t<meta itemprop=\"height\" content=\"225\" \/>\n\t\tBetoneisen\n\t\t\t<img loading=\"lazy\" decoding=\"async\" src=\"https:\/\/www.metaalrecyclingtwente.nl\/wp-content\/uploads\/metaal-7.jpg\" alt=\"\" data-no-lazy=\"1\" itemprop=\"thumbnail\" width=\"300\" height=\"225\" \/>\n\t\t\t<!-- Overlay Wrapper -->\n\t\t\t <!-- Overlay Wrapper Closed -->\n\t\t\t\t\t\t\t<meta itemprop=\"width\" content=\"300\" \/>\n\t\t\t<meta itemprop=\"height\" content=\"225\" \/>\n\t\tGu\u00dfeisen\n\t\t\t<img loading=\"lazy\" decoding=\"async\" src=\"https:\/\/www.metaalrecyclingtwente.nl\/wp-content\/uploads\/metaal-15.jpg\" alt=\"\" data-no-lazy=\"1\" itemprop=\"thumbnail\" width=\"300\" height=\"225\" \/>\n\t\t\t<!-- Overlay Wrapper -->\n\t\t\t <!-- Overlay Wrapper Closed -->\n\t\t\t\t\t\t\t<meta itemprop=\"width\" content=\"300\" \/>\n\t\t\t<meta itemprop=\"height\" content=\"225\" \/>\n\t\tStahlneuschrott\n\t<h2>Nichteisenmetalle<\/h2>\n<p>\u00dcber H\u00e4ndler\/Unternehmer oder Privatleute werden bei Metaal Recycling Twente Nichteisenmetallprodukte wie z.B. Aluminium, Edelstahl, Blei, Zink, Zinn, Kupfer und Messing eingesammelt. Hierbei m\u00f6chten wir anmerken, dass diverse Kupferprodukte nur mit Ausweis angenommen werden. Im Folgenden finden Sie eine Auflistung der diversen Nichtmetalleisenprodukte, die wir entgegennehmen:<\/p>\n\t\t\t<img loading=\"lazy\" decoding=\"async\" src=\"https:\/\/www.metaalrecyclingtwente.nl\/wp-content\/uploads\/metaal-13.jpg\" alt=\"\" data-no-lazy=\"1\" itemprop=\"thumbnail\" width=\"300\" height=\"225\" \/>\n\t\t\t<!-- Overlay Wrapper -->\n\t\t\t <!-- Overlay Wrapper Closed -->\n\t\t\t\t\t\t\t<meta itemprop=\"width\" content=\"300\" \/>\n\t\t\t<meta itemprop=\"height\" content=\"225\" \/>\n\t\tRotkupfer\n\t\t\t<img loading=\"lazy\" decoding=\"async\" src=\"https:\/\/www.metaalrecyclingtwente.nl\/wp-content\/uploads\/metaal-10.jpg\" alt=\"\" data-no-lazy=\"1\" itemprop=\"thumbnail\" width=\"300\" height=\"225\" \/>\n\t\t\t<!-- Overlay Wrapper -->\n\t\t\t <!-- Overlay Wrapper Closed -->\n\t\t\t\t\t\t\t<meta itemprop=\"width\" content=\"300\" \/>\n\t\t\t<meta itemprop=\"height\" content=\"225\" \/>\n\t\tMessing\n\t\t\t<img loading=\"lazy\" decoding=\"async\" src=\"https:\/\/www.metaalrecyclingtwente.nl\/wp-content\/uploads\/metaal-12.jpg\" alt=\"\" data-no-lazy=\"1\" itemprop=\"thumbnail\" width=\"300\" height=\"225\" \/>\n\t\t\t<!-- Overlay Wrapper -->\n\t\t\t <!-- Overlay Wrapper Closed -->\n\t\t\t\t\t\t\t<meta itemprop=\"width\" content=\"300\" \/>\n\t\t\t<meta itemprop=\"height\" content=\"225\" \/>\n\t\tBronze\n\t\t\t<img loading=\"lazy\" decoding=\"async\" src=\"https:\/\/www.metaalrecyclingtwente.nl\/wp-content\/uploads\/zink.jpg\" alt=\"\" data-no-lazy=\"1\" itemprop=\"thumbnail\" width=\"300\" height=\"225\" \/>\n\t\t\t<!-- Overlay Wrapper -->\n\t\t\t <!-- Overlay Wrapper Closed -->\n\t\t\t\t\t\t\t<meta itemprop=\"width\" content=\"300\" \/>\n\t\t\t<meta itemprop=\"height\" content=\"225\" \/>\n\t\tZink\n\t\t\t<img loading=\"lazy\" decoding=\"async\" src=\"https:\/\/www.metaalrecyclingtwente.nl\/wp-content\/uploads\/aluminium.jpg\" alt=\"\" data-no-lazy=\"1\" itemprop=\"thumbnail\" width=\"300\" height=\"225\" \/>\n\t\t\t<!-- Overlay Wrapper -->\n\t\t\t <!-- Overlay Wrapper Closed -->\n\t\t\t\t\t\t\t<meta itemprop=\"width\" content=\"300\" \/>\n\t\t\t<meta itemprop=\"height\" content=\"225\" \/>\n\t\tAluminium\n\t\t\t<img loading=\"lazy\" decoding=\"async\" src=\"https:\/\/www.metaalrecyclingtwente.nl\/wp-content\/uploads\/nikkel.jpg\" alt=\"\" data-no-lazy=\"1\" itemprop=\"thumbnail\" width=\"300\" height=\"225\" \/>\n\t\t\t<!-- Overlay Wrapper -->\n\t\t\t <!-- Overlay Wrapper Closed -->\n\t\t\t\t\t\t\t<meta itemprop=\"width\" content=\"300\" \/>\n\t\t\t<meta itemprop=\"height\" content=\"225\" \/>\n\t\tNikkel\n\t\t\t<img loading=\"lazy\" decoding=\"async\" src=\"https:\/\/www.metaalrecyclingtwente.nl\/wp-content\/uploads\/metaal-8.jpg\" alt=\"\" data-no-lazy=\"1\" itemprop=\"thumbnail\" width=\"300\" height=\"225\" \/>\n\t\t\t<!-- Overlay Wrapper -->\n\t\t\t <!-- Overlay Wrapper Closed -->\n\t\t\t\t\t\t\t<meta itemprop=\"width\" content=\"300\" \/>\n\t\t\t<meta itemprop=\"height\" content=\"225\" \/>\n\t\tRostfreier stahl\n\t\t\t<img loading=\"lazy\" decoding=\"async\" src=\"https:\/\/www.metaalrecyclingtwente.nl\/wp-content\/uploads\/lood.jpg\" alt=\"\" data-no-lazy=\"1\" itemprop=\"thumbnail\" width=\"300\" height=\"225\" \/>\n\t\t\t<!-- Overlay Wrapper -->\n\t\t\t <!-- Overlay Wrapper Closed -->\n\t\t\t\t\t\t\t<meta itemprop=\"width\" content=\"300\" \/>\n\t\t\t<meta itemprop=\"height\" content=\"225\" \/>\n\t\tBlei\n\t\t\t<img loading=\"lazy\" decoding=\"async\" src=\"https:\/\/www.metaalrecyclingtwente.nl\/wp-content\/uploads\/tin.jpg\" alt=\"\" data-no-lazy=\"1\" itemprop=\"thumbnail\" width=\"300\" height=\"225\" \/>\n\t\t\t<!-- Overlay Wrapper -->\n\t\t\t <!-- Overlay Wrapper Closed -->\n\t\t\t\t\t\t\t<meta itemprop=\"width\" content=\"300\" \/>\n\t\t\t<meta itemprop=\"height\" content=\"225\" \/>\n\t\tZinn\n\t\n","protected":false},"excerpt":{"rendered":"<p>&nbsp; Wir unterscheiden zwischen den folgenden beiden Metallsorten: Eisenmetalle Durch einen modernen Maschinenpark und eine hohe Umlaufgeschwindigkeit bietet Metaal Recycling Twente garantierte Qualit\u00e4t und ist ein sehr flexibler Partner f\u00fcr Handel und Industrie. Metaal Recycling Twente verarbeitet und handelt mit allen g\u00e4ngigen Eisenmetallprodukten. Per LKW oder Schiff finden diese Rohstoffe ihren Weg zu Recyclingbetrieben im&hellip;<\/p>\n","protected":false},"author":1,"featured_media":0,"parent":0,"menu_order":6,"comment_status":"closed","ping_status":"closed","template":"","meta":{"footnotes":""},"class_list":["post-254","page","type-page","status-publish","hentry"],"_links":{"self":[{"href":"https:\/\/www.metaalrecyclingtwente.nl\/de\/wp-json\/wp\/v2\/pages\/254","targetHints":{"allow":["GET"]}}],"collection":[{"href":"https:\/\/www.metaalrecyclingtwente.nl\/de\/wp-json\/wp\/v2\/pages"}],"about":[{"href":"https:\/\/www.metaalrecyclingtwente.nl\/de\/wp-json\/wp\/v2\/types\/page"}],"author":[{"embeddable":true,"href":"https:\/\/www.metaalrecyclingtwente.nl\/de\/wp-json\/wp\/v2\/users\/1"}],"replies":[{"embeddable":true,"href":"https:\/\/www.metaalrecyclingtwente.nl\/de\/wp-json\/wp\/v2\/comments?post=254"}],"version-history":[{"count":13,"href":"https:\/\/www.metaalrecyclingtwente.nl\/de\/wp-json\/wp\/v2\/pages\/254\/revisions"}],"predecessor-version":[{"id":937,"href":"https:\/\/www.metaalrecyclingtwente.nl\/de\/wp-json\/wp\/v2\/pages\/254\/revisions\/937"}],"wp:attachment":[{"href":"https:\/\/www.metaalrecyclingtwente.nl\/de\/wp-json\/wp\/v2\/media?parent=254"}],"curies":[{"name":"wp","href":"https:\/\/api.w.org\/{rel}","templated":true}]}}