{"id":244,"date":"2024-06-04T15:05:30","date_gmt":"2024-06-04T13:05:30","guid":{"rendered":"https:\/\/mediascape.dev\/mrt\/?page_id=244"},"modified":"2024-07-12T17:53:47","modified_gmt":"2024-07-12T15:53:47","slug":"ueber-uns","status":"publish","type":"page","link":"https:\/\/www.metaalrecyclingtwente.nl\/de\/ueber-uns\/","title":{"rendered":"\u00dcber uns"},"content":{"rendered":"\n\n\t&nbsp;\n\n\t<h2>Geschichte<\/h2>\n<p>Metaal Recycling Twente hat eine reiche Geschichte. Der Familienbetrieb ist in den 50er-Jahren entstanden. In diesen vergangenen 60 Jahren hat der Betrieb mehrfach seinen Namen gewechselt. Der bekannteste Name aus der Vergangenheit ist Inter Metals B.V.<\/p>\n<p>Der heutige Direktor, Martin Titsing, wurde in den 80er-Jahren als F\u00fcnfzehnj\u00e4hriger von seinem Vater Bauke eingestellt und \u00fcbernahm sechs Jahre sp\u00e4ter die Leitung.<\/p>\n<p>Wegen eines stets zunehmenden G\u00fcterstroms hat Metaal Recycling Twente im vergangenen Jahrzehnt eigentlich st\u00e4ndig in die Erweiterung des Gel\u00e4ndes investiert, wobei der H\u00f6hepunkt der Neubau war, der sich zu einem Gro\u00dfteil im Jahr 2014 abgespielt hat. Das Endergebnis davon ist ein modernes Gel\u00e4nde mit einem fl\u00fcssigkeitsdichten Boden und einer Fl\u00e4che von fast 20.000 m2. Gleichzeitig nutzt Metaal Recycling Twente eine 100 Meter lange Lade- und L\u00f6schkade, so dass der Betrieb in der Lage ist, auch \u00fcber das Wasser anliefern und abtransportieren zu k\u00f6nnen.<\/p>\n\t\t\t\t\t\t\t\t\t\t\t\t\t\t\t\t\t<a href=\"https:\/\/www.metaalrecyclingtwente.nl\/wp-content\/uploads\/mrt_steen.jpg\" target=\"_self\" data-caption=\"\" rel=\"noopener\">\n\t\t\t\t\t\t<figure>\n\t\t\t\t\t\t\t<img loading=\"lazy\" decoding=\"async\" src=\"https:\/\/www.metaalrecyclingtwente.nl\/wp-content\/uploads\/mrt_steen.jpg\" alt=\"\" srcset=\"https:\/\/www.metaalrecyclingtwente.nl\/wp-content\/uploads\/mrt_steen.jpg 375w, https:\/\/www.metaalrecyclingtwente.nl\/wp-content\/uploads\/mrt_steen-283x300.jpg 283w\" width=\"375\" height=\"397\" \/>\n\t\t\t\t\t\t\t\t\t\t\t\t\t<\/figure>\n\t\t\t\t\t\t\t\t\t\t<\/a>\n\t\t\t\t\t\t\t\t\t\t\t\t\t\t\t\t\t<a href=\"https:\/\/www.metaalrecyclingtwente.nl\/wp-content\/uploads\/MRT-06.jpg\" target=\"_self\" data-caption=\"\" rel=\"noopener\">\n\t\t\t\t\t\t<figure>\n\t\t\t\t\t\t\t<img loading=\"lazy\" decoding=\"async\" src=\"https:\/\/www.metaalrecyclingtwente.nl\/wp-content\/uploads\/MRT-06.jpg\" alt=\"\" srcset=\"https:\/\/www.metaalrecyclingtwente.nl\/wp-content\/uploads\/MRT-06.jpg 1000w, https:\/\/www.metaalrecyclingtwente.nl\/wp-content\/uploads\/MRT-06-300x168.jpg 300w, https:\/\/www.metaalrecyclingtwente.nl\/wp-content\/uploads\/MRT-06-768x431.jpg 768w\" width=\"1000\" height=\"561\" \/>\n\t\t\t\t\t\t\t\t\t\t\t\t\t<\/figure>\n\t\t\t\t\t\t\t\t\t\t<\/a>\n\t\t\t\t\t\t\t\t\t\t\t\t\t\t\t\t\t<a href=\"https:\/\/www.metaalrecyclingtwente.nl\/wp-content\/uploads\/MRT-01.jpg\" target=\"_self\" data-caption=\"\" rel=\"noopener\">\n\t\t\t\t\t\t<figure>\n\t\t\t\t\t\t\t<img loading=\"lazy\" decoding=\"async\" src=\"https:\/\/www.metaalrecyclingtwente.nl\/wp-content\/uploads\/MRT-01.jpg\" alt=\"\" srcset=\"https:\/\/www.metaalrecyclingtwente.nl\/wp-content\/uploads\/MRT-01.jpg 845w, https:\/\/www.metaalrecyclingtwente.nl\/wp-content\/uploads\/MRT-01-300x200.jpg 300w, https:\/\/www.metaalrecyclingtwente.nl\/wp-content\/uploads\/MRT-01-768x512.jpg 768w\" width=\"845\" height=\"563\" \/>\n\t\t\t\t\t\t\t\t\t\t\t\t\t<\/figure>\n\t\t\t\t\t\t\t\t\t\t<\/a>\n\t\t\t\t\t\t\t\t\t\t\t\t\t\t\t\t\t<a href=\"https:\/\/www.metaalrecyclingtwente.nl\/wp-content\/uploads\/MRT-04.jpg\" target=\"_self\" data-caption=\"\" rel=\"noopener\">\n\t\t\t\t\t\t<figure>\n\t\t\t\t\t\t\t<img loading=\"lazy\" decoding=\"async\" src=\"https:\/\/www.metaalrecyclingtwente.nl\/wp-content\/uploads\/MRT-04.jpg\" alt=\"\" srcset=\"https:\/\/www.metaalrecyclingtwente.nl\/wp-content\/uploads\/MRT-04.jpg 845w, https:\/\/www.metaalrecyclingtwente.nl\/wp-content\/uploads\/MRT-04-300x200.jpg 300w, https:\/\/www.metaalrecyclingtwente.nl\/wp-content\/uploads\/MRT-04-768x512.jpg 768w\" width=\"845\" height=\"563\" \/>\n\t\t\t\t\t\t\t\t\t\t\t\t\t<\/figure>\n\t\t\t\t\t\t\t\t\t\t<\/a>\n\t\t\t\t\t\t\t\t\t\t\t\t\t\t\t\t\t<a href=\"https:\/\/www.metaalrecyclingtwente.nl\/wp-content\/uploads\/MRT-02.jpg\" target=\"_self\" data-caption=\"\" rel=\"noopener\">\n\t\t\t\t\t\t<figure>\n\t\t\t\t\t\t\t<img loading=\"lazy\" decoding=\"async\" src=\"https:\/\/www.metaalrecyclingtwente.nl\/wp-content\/uploads\/MRT-02.jpg\" alt=\"\" srcset=\"https:\/\/www.metaalrecyclingtwente.nl\/wp-content\/uploads\/MRT-02.jpg 845w, https:\/\/www.metaalrecyclingtwente.nl\/wp-content\/uploads\/MRT-02-300x200.jpg 300w, https:\/\/www.metaalrecyclingtwente.nl\/wp-content\/uploads\/MRT-02-768x512.jpg 768w\" width=\"845\" height=\"563\" \/>\n\t\t\t\t\t\t\t\t\t\t\t\t\t<\/figure>\n\t\t\t\t\t\t\t\t\t\t<\/a>\n\t\t\t\t\t\t\t\t\t\t\t\t\t\t\t\t\t<a href=\"https:\/\/www.metaalrecyclingtwente.nl\/wp-content\/uploads\/MRT-27.jpg\" target=\"_self\" data-caption=\"\" rel=\"noopener\">\n\t\t\t\t\t\t<figure>\n\t\t\t\t\t\t\t<img loading=\"lazy\" decoding=\"async\" src=\"https:\/\/www.metaalrecyclingtwente.nl\/wp-content\/uploads\/MRT-27.jpg\" alt=\"\" srcset=\"https:\/\/www.metaalrecyclingtwente.nl\/wp-content\/uploads\/MRT-27.jpg 1000w, https:\/\/www.metaalrecyclingtwente.nl\/wp-content\/uploads\/MRT-27-300x169.jpg 300w, https:\/\/www.metaalrecyclingtwente.nl\/wp-content\/uploads\/MRT-27-768x432.jpg 768w\" width=\"1000\" height=\"562\" \/>\n\t\t\t\t\t\t\t\t\t\t\t\t\t<\/figure>\n\t\t\t\t\t\t\t\t\t\t<\/a>\n\t\t\t\t\t\t\t\t\t\t\t\t\t\t\t\t\t<a href=\"https:\/\/www.metaalrecyclingtwente.nl\/wp-content\/uploads\/MRT-28.jpg\" target=\"_self\" data-caption=\"\" rel=\"noopener\">\n\t\t\t\t\t\t<figure>\n\t\t\t\t\t\t\t<img loading=\"lazy\" decoding=\"async\" src=\"https:\/\/www.metaalrecyclingtwente.nl\/wp-content\/uploads\/MRT-28.jpg\" alt=\"\" srcset=\"https:\/\/www.metaalrecyclingtwente.nl\/wp-content\/uploads\/MRT-28.jpg 751w, https:\/\/www.metaalrecyclingtwente.nl\/wp-content\/uploads\/MRT-28-300x225.jpg 300w\" width=\"751\" height=\"563\" \/>\n\t\t\t\t\t\t\t\t\t\t\t\t\t<\/figure>\n\t\t\t\t\t\t\t\t\t\t<\/a>\n\t\t\t\t\t\t\t\t\t\t\t\t\t\t\t\t\t<a href=\"https:\/\/www.metaalrecyclingtwente.nl\/wp-content\/uploads\/MRT-09.jpg\" target=\"_self\" data-caption=\"\" rel=\"noopener\">\n\t\t\t\t\t\t<figure>\n\t\t\t\t\t\t\t<img loading=\"lazy\" decoding=\"async\" src=\"https:\/\/www.metaalrecyclingtwente.nl\/wp-content\/uploads\/MRT-09.jpg\" alt=\"\" srcset=\"https:\/\/www.metaalrecyclingtwente.nl\/wp-content\/uploads\/MRT-09.jpg 844w, https:\/\/www.metaalrecyclingtwente.nl\/wp-content\/uploads\/MRT-09-300x200.jpg 300w, https:\/\/www.metaalrecyclingtwente.nl\/wp-content\/uploads\/MRT-09-768x512.jpg 768w\" width=\"844\" height=\"563\" \/>\n\t\t\t\t\t\t\t\t\t\t\t\t\t<\/figure>\n\t\t\t\t\t\t\t\t\t\t<\/a>\n\t\t\t\t\t\t\t\t\t\t\t\t\t\t\t\t\t<a href=\"https:\/\/www.metaalrecyclingtwente.nl\/wp-content\/uploads\/MRT-13.jpg\" target=\"_self\" data-caption=\"\" rel=\"noopener\">\n\t\t\t\t\t\t<figure>\n\t\t\t\t\t\t\t<img loading=\"lazy\" decoding=\"async\" src=\"https:\/\/www.metaalrecyclingtwente.nl\/wp-content\/uploads\/MRT-13.jpg\" alt=\"\" srcset=\"https:\/\/www.metaalrecyclingtwente.nl\/wp-content\/uploads\/MRT-13.jpg 844w, https:\/\/www.metaalrecyclingtwente.nl\/wp-content\/uploads\/MRT-13-300x200.jpg 300w, https:\/\/www.metaalrecyclingtwente.nl\/wp-content\/uploads\/MRT-13-768x512.jpg 768w\" width=\"844\" height=\"563\" \/>\n\t\t\t\t\t\t\t\t\t\t\t\t\t<\/figure>\n\t\t\t\t\t\t\t\t\t\t<\/a>\n\t\t\t\t\t\t\t\t\t\t\t\t\t\t\t\t\t<a href=\"https:\/\/www.metaalrecyclingtwente.nl\/wp-content\/uploads\/MRT-26.jpg\" target=\"_self\" data-caption=\"\" rel=\"noopener\">\n\t\t\t\t\t\t<figure>\n\t\t\t\t\t\t\t<img loading=\"lazy\" decoding=\"async\" src=\"https:\/\/www.metaalrecyclingtwente.nl\/wp-content\/uploads\/MRT-26.jpg\" alt=\"\" srcset=\"https:\/\/www.metaalrecyclingtwente.nl\/wp-content\/uploads\/MRT-26.jpg 1000w, https:\/\/www.metaalrecyclingtwente.nl\/wp-content\/uploads\/MRT-26-300x168.jpg 300w, https:\/\/www.metaalrecyclingtwente.nl\/wp-content\/uploads\/MRT-26-768x431.jpg 768w\" width=\"1000\" height=\"561\" \/>\n\t\t\t\t\t\t\t\t\t\t\t\t\t<\/figure>\n\t\t\t\t\t\t\t\t\t\t<\/a>\n\t\t\t\t\t\t\t\t\t\t\t\t\t\t\t\t\t<a href=\"https:\/\/www.metaalrecyclingtwente.nl\/wp-content\/uploads\/MRT-03.jpg\" target=\"_self\" data-caption=\"\" rel=\"noopener\">\n\t\t\t\t\t\t<figure>\n\t\t\t\t\t\t\t<img loading=\"lazy\" decoding=\"async\" src=\"https:\/\/www.metaalrecyclingtwente.nl\/wp-content\/uploads\/MRT-03.jpg\" alt=\"\" srcset=\"https:\/\/www.metaalrecyclingtwente.nl\/wp-content\/uploads\/MRT-03.jpg 844w, https:\/\/www.metaalrecyclingtwente.nl\/wp-content\/uploads\/MRT-03-300x200.jpg 300w, https:\/\/www.metaalrecyclingtwente.nl\/wp-content\/uploads\/MRT-03-768x512.jpg 768w\" width=\"844\" height=\"563\" \/>\n\t\t\t\t\t\t\t\t\t\t\t\t\t<\/figure>\n\t\t\t\t\t\t\t\t\t\t<\/a>\n\t\t\t\t\t\t\t\t\t\t\t\t\t\t\t\t\t<a href=\"https:\/\/www.metaalrecyclingtwente.nl\/wp-content\/uploads\/MRT-16.jpg\" target=\"_self\" data-caption=\"\" rel=\"noopener\">\n\t\t\t\t\t\t<figure>\n\t\t\t\t\t\t\t<img loading=\"lazy\" decoding=\"async\" src=\"https:\/\/www.metaalrecyclingtwente.nl\/wp-content\/uploads\/MRT-16.jpg\" alt=\"\" srcset=\"https:\/\/www.metaalrecyclingtwente.nl\/wp-content\/uploads\/MRT-16.jpg 375w, https:\/\/www.metaalrecyclingtwente.nl\/wp-content\/uploads\/MRT-16-200x300.jpg 200w\" width=\"375\" height=\"563\" \/>\n\t\t\t\t\t\t\t\t\t\t\t\t\t<\/figure>\n\t\t\t\t\t\t\t\t\t\t<\/a>\n\t\t\t\t\t\t\t\t\t\t\t\t\t\t\t\t\t<a href=\"https:\/\/www.metaalrecyclingtwente.nl\/wp-content\/uploads\/MRT-20.jpg\" target=\"_self\" data-caption=\"\" rel=\"noopener\">\n\t\t\t\t\t\t<figure>\n\t\t\t\t\t\t\t<img loading=\"lazy\" decoding=\"async\" src=\"https:\/\/www.metaalrecyclingtwente.nl\/wp-content\/uploads\/MRT-20.jpg\" alt=\"\" srcset=\"https:\/\/www.metaalrecyclingtwente.nl\/wp-content\/uploads\/MRT-20.jpg 845w, https:\/\/www.metaalrecyclingtwente.nl\/wp-content\/uploads\/MRT-20-300x200.jpg 300w, https:\/\/www.metaalrecyclingtwente.nl\/wp-content\/uploads\/MRT-20-768x512.jpg 768w\" width=\"845\" height=\"563\" \/>\n\t\t\t\t\t\t\t\t\t\t\t\t\t<\/figure>\n\t\t\t\t\t\t\t\t\t\t<\/a>\n\t\t\t\t\t\t\t\t\t\t\t\t\t\t\t\t\t<a href=\"https:\/\/www.metaalrecyclingtwente.nl\/wp-content\/uploads\/MRT-19.jpg\" target=\"_self\" data-caption=\"\" rel=\"noopener\">\n\t\t\t\t\t\t<figure>\n\t\t\t\t\t\t\t<img loading=\"lazy\" decoding=\"async\" src=\"https:\/\/www.metaalrecyclingtwente.nl\/wp-content\/uploads\/MRT-19.jpg\" alt=\"\" srcset=\"https:\/\/www.metaalrecyclingtwente.nl\/wp-content\/uploads\/MRT-19.jpg 844w, https:\/\/www.metaalrecyclingtwente.nl\/wp-content\/uploads\/MRT-19-300x200.jpg 300w, https:\/\/www.metaalrecyclingtwente.nl\/wp-content\/uploads\/MRT-19-768x512.jpg 768w\" width=\"844\" height=\"563\" \/>\n\t\t\t\t\t\t\t\t\t\t\t\t\t<\/figure>\n\t\t\t\t\t\t\t\t\t\t<\/a>\n\t\t\t\t\t\t\t\t\t\t\t\t\t\t\t\t\t<a href=\"https:\/\/www.metaalrecyclingtwente.nl\/wp-content\/uploads\/MRT-25.jpg\" target=\"_self\" data-caption=\"\" rel=\"noopener\">\n\t\t\t\t\t\t<figure>\n\t\t\t\t\t\t\t<img loading=\"lazy\" decoding=\"async\" src=\"https:\/\/www.metaalrecyclingtwente.nl\/wp-content\/uploads\/MRT-25.jpg\" alt=\"\" srcset=\"https:\/\/www.metaalrecyclingtwente.nl\/wp-content\/uploads\/MRT-25.jpg 1000w, https:\/\/www.metaalrecyclingtwente.nl\/wp-content\/uploads\/MRT-25-300x168.jpg 300w, https:\/\/www.metaalrecyclingtwente.nl\/wp-content\/uploads\/MRT-25-768x431.jpg 768w\" width=\"1000\" height=\"561\" \/>\n\t\t\t\t\t\t\t\t\t\t\t\t\t<\/figure>\n\t\t\t\t\t\t\t\t\t\t<\/a>\n\t\t\t\t\t\t\t\t\t\t\t\t\t\t\t\t\t<a href=\"https:\/\/www.metaalrecyclingtwente.nl\/wp-content\/uploads\/MRT-24.jpg\" target=\"_self\" data-caption=\"\" rel=\"noopener\">\n\t\t\t\t\t\t<figure>\n\t\t\t\t\t\t\t<img loading=\"lazy\" decoding=\"async\" src=\"https:\/\/www.metaalrecyclingtwente.nl\/wp-content\/uploads\/MRT-24.jpg\" alt=\"\" srcset=\"https:\/\/www.metaalrecyclingtwente.nl\/wp-content\/uploads\/MRT-24.jpg 1000w, https:\/\/www.metaalrecyclingtwente.nl\/wp-content\/uploads\/MRT-24-300x168.jpg 300w, https:\/\/www.metaalrecyclingtwente.nl\/wp-content\/uploads\/MRT-24-768x431.jpg 768w\" width=\"1000\" height=\"561\" \/>\n\t\t\t\t\t\t\t\t\t\t\t\t\t<\/figure>\n\t\t\t\t\t\t\t\t\t\t<\/a>\n\t\t\t\t\t\t\t\t\t\t\t\t\t\t\t\t\t<a href=\"https:\/\/www.metaalrecyclingtwente.nl\/wp-content\/uploads\/MRT-30.jpg\" target=\"_self\" data-caption=\"\" rel=\"noopener\">\n\t\t\t\t\t\t<figure>\n\t\t\t\t\t\t\t<img loading=\"lazy\" decoding=\"async\" src=\"https:\/\/www.metaalrecyclingtwente.nl\/wp-content\/uploads\/MRT-30.jpg\" alt=\"\" srcset=\"https:\/\/www.metaalrecyclingtwente.nl\/wp-content\/uploads\/MRT-30.jpg 1000w, https:\/\/www.metaalrecyclingtwente.nl\/wp-content\/uploads\/MRT-30-300x169.jpg 300w, https:\/\/www.metaalrecyclingtwente.nl\/wp-content\/uploads\/MRT-30-768x432.jpg 768w\" width=\"1000\" height=\"563\" \/>\n\t\t\t\t\t\t\t\t\t\t\t\t\t<\/figure>\n\t\t\t\t\t\t\t\t\t\t<\/a>\n\t\t\t\t\t\t<!-- pagination -->\n\t\n","protected":false},"excerpt":{"rendered":"<p>&nbsp; Geschichte Metaal Recycling Twente hat eine reiche Geschichte. Der Familienbetrieb ist in den 50er-Jahren entstanden. In diesen vergangenen 60 Jahren hat der Betrieb mehrfach seinen Namen gewechselt. Der bekannteste Name aus der Vergangenheit ist Inter Metals B.V. Der heutige Direktor, Martin Titsing, wurde in den 80er-Jahren als F\u00fcnfzehnj\u00e4hriger von seinem Vater Bauke eingestellt und&hellip;<\/p>\n","protected":false},"author":1,"featured_media":0,"parent":0,"menu_order":2,"comment_status":"closed","ping_status":"closed","template":"","meta":{"footnotes":""},"class_list":["post-244","page","type-page","status-publish","hentry"],"_links":{"self":[{"href":"https:\/\/www.metaalrecyclingtwente.nl\/de\/wp-json\/wp\/v2\/pages\/244","targetHints":{"allow":["GET"]}}],"collection":[{"href":"https:\/\/www.metaalrecyclingtwente.nl\/de\/wp-json\/wp\/v2\/pages"}],"about":[{"href":"https:\/\/www.metaalrecyclingtwente.nl\/de\/wp-json\/wp\/v2\/types\/page"}],"author":[{"embeddable":true,"href":"https:\/\/www.metaalrecyclingtwente.nl\/de\/wp-json\/wp\/v2\/users\/1"}],"replies":[{"embeddable":true,"href":"https:\/\/www.metaalrecyclingtwente.nl\/de\/wp-json\/wp\/v2\/comments?post=244"}],"version-history":[{"count":11,"href":"https:\/\/www.metaalrecyclingtwente.nl\/de\/wp-json\/wp\/v2\/pages\/244\/revisions"}],"predecessor-version":[{"id":843,"href":"https:\/\/www.metaalrecyclingtwente.nl\/de\/wp-json\/wp\/v2\/pages\/244\/revisions\/843"}],"wp:attachment":[{"href":"https:\/\/www.metaalrecyclingtwente.nl\/de\/wp-json\/wp\/v2\/media?parent=244"}],"curies":[{"name":"wp","href":"https:\/\/api.w.org\/{rel}","templated":true}]}}